{"id":273,"date":"2016-09-03T18:17:14","date_gmt":"2016-09-03T16:17:14","guid":{"rendered":"http:\/\/adityanowotny.com\/de\/?page_id=273"},"modified":"2016-12-21T23:18:11","modified_gmt":"2016-12-21T22:18:11","slug":"trainings","status":"publish","type":"page","link":"https:\/\/adityanowotny.com\/de\/trainings\/","title":{"rendered":"Trainings"},"content":{"rendered":"[vc_row][vc_column width=&#8220;1\/3&#8243;][vc_column_text]\n<h2>Pers\u00f6nlichkeitsentwicklung:<\/h2>\n[\/vc_column_text][\/vc_column][vc_column width=&#8220;2\/3&#8243;][\/vc_column][\/vc_row][vc_row][vc_column width=&#8220;1\/3&#8243;][vc_raw_html]JTNDYSUyMGhyZWYlM0QlMjJodHRwcyUzQSUyRiUyRmFkaXR5YW5vd290bnkubGVhZHBhZ2VzLmNvJTJGbHBkZWluYmVzdGVzamFocjIwMTYlMkYlMjIlM0UlMEElM0NpbWclMjBzcmMlM0QlMjJodHRwJTNBJTJGJTJGYWRpdHlhbm93b3RueS5jb20lMkZkZSUyRndwLWNvbnRlbnQlMkZ1cGxvYWRzJTJGc2l0ZXMlMkYyJTJGMjAxNiUyRjEyJTJGRGVpbi1CZXN0ZXMtSmFoci0xNng5LmpwZyUyMiUyMGFsdCUzRCUyMkRCSjIwMTYlMjIlMjBzdHlsZSUzRCUyMndpZHRoJTNBMTAyNCUzQmhlaWdodCUzQTc2OCUzQiUyMiUzRSUyMCUwQSUzQyUyRmElM0UlMEE=[\/vc_raw_html][\/vc_column][vc_column width=&#8220;2\/3&#8243;][vc_column_text]\n<h3>Online-Training in 6 Modulen f\u00fcr dein bestes Jahr bis jetzt &#8211; bitte aufs Bild klicken!<\/h3>\n[\/vc_column_text][\/vc_column][\/vc_row][vc_row][vc_column width=&#8220;1\/3&#8243;][vc_raw_html]JTNDYSUyMGhyZWYlM0QlMjJodHRwJTNBJTJGJTJGbWVpc3RlcmUtbmV0d29yay1tYXJrZXRpbmcuY29tJTJGbHBtcDIwMTYwNCUyRiUyMiUzRSUwQSUzQ2ltZyUyMHNyYyUzRCUyMmh0dHAlM0ElMkYlMkZhZGl0eWFub3dvdG55LmNvbSUyRmRlJTJGd3AtY29udGVudCUyRnVwbG9hZHMlMkZzaXRlcyUyRjIlMkYyMDE2JTJGMTElMkZNaW5kLVBvd2VyLnBuZyUyMiUyMGFsdCUzRCUyMk1pbmQlMjBQb3dlciUyMiUyMHN0eWxlJTNEJTIyd2lkdGglM0ExMDI0JTNCaGVpZ2h0JTNBNzY4JTNCJTIyJTNFJTIwJTBBJTNDJTJGYSUzRSUwQQ==[\/vc_raw_html][\/vc_column][vc_column width=&#8220;2\/3&#8243;][vc_column_text]\n<h3>Mind Power &#8211; Wie du die Kraft deiner Gedanken optimal nutzen kannst!<\/h3>\n[\/vc_column_text][vc_column_text]\n<h4>12 Wege zur optimalen Nutzung deiner Gedankenkraft plus 13 spezielle Meditationstechniken, um deine Gedanken noch besser kontrollieren und manifestieren zu lernen. Bitte auf das Bild links klicken!<\/h4>\n[\/vc_column_text][\/vc_column][\/vc_row][vc_row][vc_column width=&#8220;1\/3&#8243;][vc_raw_html]JTNDYSUyMGhyZWYlM0QlMjJodHRwJTNBJTJGJTJGbWVpc3RlcmUtbmV0d29yay1tYXJrZXRpbmcuY29tJTJGMTAwem1zJTJGJTIyJTNFJTNDaW1nJTIwY2xhc3MlM0QlMjJhbGlnbmxlZnQlMjBzaXplLWZ1bGwlMjB3cC1pbWFnZS0xMzg2JTIyJTIwc3JjJTNEJTIyaHR0cCUzQSUyRiUyRmFkaXR5YW5vd290bnkuY29tJTJGZGUlMkZ3cC1jb250ZW50JTJGdXBsb2FkcyUyRnNpdGVzJTJGMiUyRjIwMTYlMkYxMSUyRjEwMFpNUy1jb2xsYWdlLnBuZyUyMiUyMGFsdCUzRCUyMjEwMCUyMFpNUyUyMiUyMHdpZHRoJTNEJTIyMzU3JTIyJTIwaGVpZ2h0JTNEJTIyMzY0JTIyJTIwJTJGJTNFJTNDJTJGYSUzRQ==[\/vc_raw_html][\/vc_column][vc_column width=&#8220;2\/3&#8243;][vc_column_text]\n<h3>100% Zielverwirklichung mit System<\/h3>\n[\/vc_column_text][vc_column_text]\n<h4><strong>Der definitive Blueprint in 7 Modulen, wie du deine Ziele formulierst, den Prozess zu ihrer Erreichung durchkonstruierst und die Ziele 100% verwirklichst! <\/strong><\/h4>\n<h4><strong>Bitte auf das Bild links klicken!<br \/>\n<\/strong><\/h4>\n[\/vc_column_text][\/vc_column][\/vc_row][vc_row][vc_column width=&#8220;1\/3&#8243;][vc_raw_html]JTNDaW1nJTIwY2xhc3MlM0QlMjJhbGlnbmxlZnQlMjBzaXplLWZ1bGwlMjB3cC1pbWFnZS0xMzg2JTIyJTIwc3JjJTNEJTIyaHR0cCUzQSUyRiUyRmFkaXR5YW5vd290bnkuY29tJTJGZGUlMkZ3cC1jb250ZW50JTJGdXBsb2FkcyUyRnNpdGVzJTJGMiUyRjIwMTYlMkYxMSUyRk9EUFAtY29sbGFnZS1GSU5BTC5wbmclMjIlMjBhbHQlM0QlMjIxMDAlMjBaTVMlMjIlMjB3aWR0aCUzRCUyMjM1NyUyMiUyMGhlaWdodCUzRCUyMjM2NCUyMiUyMCUyRiUzRSUzQyUyRmElM0U=[\/vc_raw_html][\/vc_column][vc_column width=&#8220;2\/3&#8243;][vc_column_text]\n<h3>Optimiere deine pers\u00f6nliche Produktivit\u00e4t<\/h3>\n[\/vc_column_text][vc_column_text]\n<h4><strong>Was steht zwischen dir und der Verwirklichung deiner Ziele? Wie kannst du das in nur 8 Wochen ver\u00e4ndern?<\/strong><\/h4>\n<h4><strong>Dieses Training ist in K\u00fcrze hier verf\u00fcgbar.<br \/>\n<\/strong><\/h4>\n[\/vc_column_text][\/vc_column][\/vc_row][vc_row][vc_column width=&#8220;1\/3&#8243;][vc_column_text]\n<h2>Geldbewusstsein:<\/h2>\n[\/vc_column_text][\/vc_column][vc_column width=&#8220;2\/3&#8243;][\/vc_column][\/vc_row][vc_row][vc_column width=&#8220;1\/3&#8243;][vc_raw_html]JTNDYSUyMGhyZWYlM0QlMjJodHRwJTNBJTJGJTJGbWVpc3RlcmUtbmV0d29yay1tYXJrZXRpbmcuY29tJTJGMTNnZ2cyMDE2JTJGJTIyJTNFJTNDaW1nJTIwY2xhc3MlM0QlMjJhbGlnbmxlZnQlMjBzaXplLWZ1bGwlMjB3cC1pbWFnZS0xMzg1JTIyJTIwc3JjJTNEJTIyaHR0cCUzQSUyRiUyRmFkaXR5YW5vd290bnkuY29tJTJGZGUlMkZ3cC1jb250ZW50JTJGdXBsb2FkcyUyRnNpdGVzJTJGMiUyRjIwMTYlMkYxMSUyRjEzR0dHLWNvbGxhZ2UuanBnJTIyJTIwYWx0JTNEJTIyMTMlMjBHR0clMjIlMjB3aWR0aCUzRCUyMjM2MCUyMiUyMGhlaWdodCUzRCUyMjUzMSUyMiUyMCUyRiUzRSUzQyUyRmElM0U=[\/vc_raw_html][\/vc_column][vc_column width=&#8220;2\/3&#8243;][vc_column_text]\n<h3>13 Goldene Gesetze zur Meisterung der Geldenergie<\/h3>\n[\/vc_column_text][vc_column_text]\n<h4><strong>13 universelle Gesetzm\u00e4ssigkeiten, wie du die Geldenergie weise und voll F\u00fclle lenken kannst &#8211; mit \u00fcber 100 Aktionsschritten, um diese Prinzipien direkt in deinem Leben einzusetzen! <\/strong><\/h4>\n<h4><strong>Bitte auf das Bild links klicken!<br \/>\n<\/strong><\/h4>\n[\/vc_column_text][\/vc_column][\/vc_row][vc_row][vc_column width=&#8220;1\/3&#8243;][vc_column_text]\n<h2>Gesch\u00e4ftsaufbau:<\/h2>\n[\/vc_column_text][\/vc_column][vc_column width=&#8220;2\/3&#8243;][\/vc_column][\/vc_row][vc_row][vc_column width=&#8220;1\/3&#8243;][vc_raw_html]JTNDaW1nJTIwY2xhc3MlM0QlMjJhbGlnbmxlZnQlMjBzaXplLWZ1bGwlMjB3cC1pbWFnZS0xMzg1JTIyJTIwc3JjJTNEJTIyaHR0cCUzQSUyRiUyRmFkaXR5YW5vd290bnkuY29tJTJGZGUlMkZ3cC1jb250ZW50JTJGdXBsb2FkcyUyRnNpdGVzJTJGMiUyRjIwMTYlMkYxMSUyRkRLTk0tQ29sbGFnZS5wbmclMjIlMjBhbHQlM0QlMjIxMyUyMEdHRyUyMiUyMHdpZHRoJTNEJTIyMzYwJTIyJTIwaGVpZ2h0JTNEJTIyNTMxJTIyJTIwJTJGJTNFJTNDJTJGYSUzRQ==[\/vc_raw_html][\/vc_column][vc_column width=&#8220;2\/3&#8243;][vc_column_text]\n<h3>Der komplette Network Marketer<\/h3>\n[\/vc_column_text][vc_column_text]\n<h4><strong>Der vollst\u00e4ndige Kreislauf des Network Marketing in 7 Schritten<\/strong><\/h4>\n<h4><strong>Dieses Training ist in K\u00fcrze hier verf\u00fcgbar.<br \/>\n<\/strong><\/h4>\n[\/vc_column_text][\/vc_column][\/vc_row]\n","protected":false},"excerpt":{"rendered":"<p>[vc_row][vc_column width=&#8220;1\/3&#8243;][vc_column_text] Pers\u00f6nlichkeitsentwicklung: [\/vc_column_text][\/vc_column][vc_column width=&#8220;2\/3&#8243;][\/vc_column][\/vc_row][vc_row][vc_column width=&#8220;1\/3&#8243;][vc_raw_html]JTNDYSUyMGhyZWYlM0QlMjJodHRwcyUzQSUyRiUyRmFkaXR5YW5vd290bnkubGVhZHBhZ2VzLmNvJTJGbHBkZWluYmVzdGVzamFocjIwMTYlMkYlMjIlM0UlMEElM0NpbWclMjBzcmMlM0QlMjJodHRwJTNBJTJGJTJGYWRpdHlhbm93b3RueS5jb20lMkZkZSUyRndwLWNvbnRlbnQlMkZ1cGxvYWRzJTJGc2l0ZXMlMkYyJTJGMjAxNiUyRjEyJTJGRGVpbi1CZXN0ZXMtSmFoci0xNng5LmpwZyUyMiUyMGFsdCUzRCUyMkRCSjIwMTYlMjIlMjBzdHlsZSUzRCUyMndpZHRoJTNBMTAyNCUzQmhlaWdodCUzQTc2OCUzQiUyMiUzRSUyMCUwQSUzQyUyRmElM0UlMEE=[\/vc_raw_html][\/vc_column][vc_column width=&#8220;2\/3&#8243;][vc_column_text] Online-Training in 6 Modulen f\u00fcr dein bestes Jahr bis jetzt &#8211; bitte aufs Bild klicken! [\/vc_column_text][\/vc_column][\/vc_row][vc_row][vc_column width=&#8220;1\/3&#8243;][vc_raw_html]JTNDYSUyMGhyZWYlM0QlMjJodHRwJTNBJTJGJTJGbWVpc3RlcmUtbmV0d29yay1tYXJrZXRpbmcuY29tJTJGbHBtcDIwMTYwNCUyRiUyMiUzRSUwQSUzQ2ltZyUyMHNyYyUzRCUyMmh0dHAlM0ElMkYlMkZhZGl0eWFub3dvdG55LmNvbSUyRmRlJTJGd3AtY29udGVudCUyRnVwbG9hZHMlMkZzaXRlcyUyRjIlMkYyMDE2JTJGMTElMkZNaW5kLVBvd2VyLnBuZyUyMiUyMGFsdCUzRCUyMk1pbmQlMjBQb3dlciUyMiUyMHN0eWxlJTNEJTIyd2lkdGglM0ExMDI0JTNCaGVpZ2h0JTNBNzY4JTNCJTIyJTNFJTIwJTBBJTNDJTJGYSUzRSUwQQ==[\/vc_raw_html][\/vc_column][vc_column width=&#8220;2\/3&#8243;][vc_column_text] Mind Power &#8211; Wie du die Kraft deiner Gedanken optimal nutzen kannst! [\/vc_column_text][vc_column_text] 12 Wege zur optimalen Nutzung deiner Gedankenkraft plus 13 spezielle Meditationstechniken, um deine Gedanken noch besser kontrollieren [&hellip;]<\/p>\n","protected":false},"author":1,"featured_media":0,"parent":0,"menu_order":0,"comment_status":"closed","ping_status":"closed","template":"","meta":{"_et_pb_use_builder":"","_et_pb_old_content":"","_et_gb_content_width":"","footnotes":""},"class_list":["post-273","page","type-page","status-publish","hentry"],"yoast_head":"<!-- This site is optimized with the Yoast SEO plugin v26.6 - https:\/\/yoast.com\/wordpress\/plugins\/seo\/ -->\n<title>Trainings - Aditya Nowotny - Transformational Leadership Training<\/title>\n<meta name=\"robots\" content=\"index, follow, max-snippet:-1, max-image-preview:large, max-video-preview:-1\" \/>\n<link rel=\"canonical\" href=\"https:\/\/adityanowotny.com\/de\/trainings\/\" \/>\n<meta property=\"og:locale\" content=\"de_DE\" \/>\n<meta property=\"og:type\" content=\"article\" \/>\n<meta property=\"og:title\" content=\"Trainings - Aditya Nowotny - Transformational Leadership Training\" \/>\n<meta property=\"og:description\" content=\"[vc_row][vc_column width=&#8220;1\/3&#8243;][vc_column_text] Pers\u00f6nlichkeitsentwicklung: [\/vc_column_text][\/vc_column][vc_column width=&#8220;2\/3&#8243;][\/vc_column][\/vc_row][vc_row][vc_column width=&#8220;1\/3&#8243;][vc_raw_html]JTNDYSUyMGhyZWYlM0QlMjJodHRwcyUzQSUyRiUyRmFkaXR5YW5vd290bnkubGVhZHBhZ2VzLmNvJTJGbHBkZWluYmVzdGVzamFocjIwMTYlMkYlMjIlM0UlMEElM0NpbWclMjBzcmMlM0QlMjJodHRwJTNBJTJGJTJGYWRpdHlhbm93b3RueS5jb20lMkZkZSUyRndwLWNvbnRlbnQlMkZ1cGxvYWRzJTJGc2l0ZXMlMkYyJTJGMjAxNiUyRjEyJTJGRGVpbi1CZXN0ZXMtSmFoci0xNng5LmpwZyUyMiUyMGFsdCUzRCUyMkRCSjIwMTYlMjIlMjBzdHlsZSUzRCUyMndpZHRoJTNBMTAyNCUzQmhlaWdodCUzQTc2OCUzQiUyMiUzRSUyMCUwQSUzQyUyRmElM0UlMEE=[\/vc_raw_html][\/vc_column][vc_column width=&#8220;2\/3&#8243;][vc_column_text] Online-Training in 6 Modulen f\u00fcr dein bestes Jahr bis jetzt &#8211; bitte aufs Bild klicken! [\/vc_column_text][\/vc_column][\/vc_row][vc_row][vc_column width=&#8220;1\/3&#8243;][vc_raw_html]JTNDYSUyMGhyZWYlM0QlMjJodHRwJTNBJTJGJTJGbWVpc3RlcmUtbmV0d29yay1tYXJrZXRpbmcuY29tJTJGbHBtcDIwMTYwNCUyRiUyMiUzRSUwQSUzQ2ltZyUyMHNyYyUzRCUyMmh0dHAlM0ElMkYlMkZhZGl0eWFub3dvdG55LmNvbSUyRmRlJTJGd3AtY29udGVudCUyRnVwbG9hZHMlMkZzaXRlcyUyRjIlMkYyMDE2JTJGMTElMkZNaW5kLVBvd2VyLnBuZyUyMiUyMGFsdCUzRCUyMk1pbmQlMjBQb3dlciUyMiUyMHN0eWxlJTNEJTIyd2lkdGglM0ExMDI0JTNCaGVpZ2h0JTNBNzY4JTNCJTIyJTNFJTIwJTBBJTNDJTJGYSUzRSUwQQ==[\/vc_raw_html][\/vc_column][vc_column width=&#8220;2\/3&#8243;][vc_column_text] Mind Power &#8211; Wie du die Kraft deiner Gedanken optimal nutzen kannst! [\/vc_column_text][vc_column_text] 12 Wege zur optimalen Nutzung deiner Gedankenkraft plus 13 spezielle Meditationstechniken, um deine Gedanken noch besser kontrollieren [&hellip;]\" \/>\n<meta property=\"og:url\" content=\"https:\/\/adityanowotny.com\/de\/trainings\/\" \/>\n<meta property=\"og:site_name\" content=\"Aditya Nowotny - Transformational Leadership Training\" \/>\n<meta property=\"article:modified_time\" content=\"2016-12-21T22:18:11+00:00\" \/>\n<meta name=\"twitter:card\" content=\"summary_large_image\" \/>\n<meta name=\"twitter:label1\" content=\"Gesch\u00e4tzte Lesezeit\" \/>\n\t<meta name=\"twitter:data1\" content=\"3\u00a0Minuten\" \/>\n<script type=\"application\/ld+json\" class=\"yoast-schema-graph\">{\"@context\":\"https:\/\/schema.org\",\"@graph\":[{\"@type\":\"WebPage\",\"@id\":\"https:\/\/adityanowotny.com\/de\/trainings\/\",\"url\":\"https:\/\/adityanowotny.com\/de\/trainings\/\",\"name\":\"Trainings - Aditya Nowotny - Transformational Leadership Training\",\"isPartOf\":{\"@id\":\"https:\/\/adityanowotny.com\/de\/#website\"},\"datePublished\":\"2016-09-03T16:17:14+00:00\",\"dateModified\":\"2016-12-21T22:18:11+00:00\",\"breadcrumb\":{\"@id\":\"https:\/\/adityanowotny.com\/de\/trainings\/#breadcrumb\"},\"inLanguage\":\"de\",\"potentialAction\":[{\"@type\":\"ReadAction\",\"target\":[\"https:\/\/adityanowotny.com\/de\/trainings\/\"]}]},{\"@type\":\"BreadcrumbList\",\"@id\":\"https:\/\/adityanowotny.com\/de\/trainings\/#breadcrumb\",\"itemListElement\":[{\"@type\":\"ListItem\",\"position\":1,\"name\":\"Startseite\",\"item\":\"https:\/\/adityanowotny.com\/de\/\"},{\"@type\":\"ListItem\",\"position\":2,\"name\":\"Trainings\"}]},{\"@type\":\"WebSite\",\"@id\":\"https:\/\/adityanowotny.com\/de\/#website\",\"url\":\"https:\/\/adityanowotny.com\/de\/\",\"name\":\"Aditya Nowotny - Transformational Leadership Training\",\"description\":\"Eine weitere Aditya Nowotny - Transformational Leadership Training Websites Website\",\"potentialAction\":[{\"@type\":\"SearchAction\",\"target\":{\"@type\":\"EntryPoint\",\"urlTemplate\":\"https:\/\/adityanowotny.com\/de\/?s={search_term_string}\"},\"query-input\":{\"@type\":\"PropertyValueSpecification\",\"valueRequired\":true,\"valueName\":\"search_term_string\"}}],\"inLanguage\":\"de\"}]}<\/script>\n<!-- \/ Yoast SEO plugin. -->","yoast_head_json":{"title":"Trainings - Aditya Nowotny - Transformational Leadership Training","robots":{"index":"index","follow":"follow","max-snippet":"max-snippet:-1","max-image-preview":"max-image-preview:large","max-video-preview":"max-video-preview:-1"},"canonical":"https:\/\/adityanowotny.com\/de\/trainings\/","og_locale":"de_DE","og_type":"article","og_title":"Trainings - Aditya Nowotny - Transformational Leadership Training","og_description":"[vc_row][vc_column width=&#8220;1\/3&#8243;][vc_column_text] Pers\u00f6nlichkeitsentwicklung: [\/vc_column_text][\/vc_column][vc_column width=&#8220;2\/3&#8243;][\/vc_column][\/vc_row][vc_row][vc_column width=&#8220;1\/3&#8243;][vc_raw_html]JTNDYSUyMGhyZWYlM0QlMjJodHRwcyUzQSUyRiUyRmFkaXR5YW5vd290bnkubGVhZHBhZ2VzLmNvJTJGbHBkZWluYmVzdGVzamFocjIwMTYlMkYlMjIlM0UlMEElM0NpbWclMjBzcmMlM0QlMjJodHRwJTNBJTJGJTJGYWRpdHlhbm93b3RueS5jb20lMkZkZSUyRndwLWNvbnRlbnQlMkZ1cGxvYWRzJTJGc2l0ZXMlMkYyJTJGMjAxNiUyRjEyJTJGRGVpbi1CZXN0ZXMtSmFoci0xNng5LmpwZyUyMiUyMGFsdCUzRCUyMkRCSjIwMTYlMjIlMjBzdHlsZSUzRCUyMndpZHRoJTNBMTAyNCUzQmhlaWdodCUzQTc2OCUzQiUyMiUzRSUyMCUwQSUzQyUyRmElM0UlMEE=[\/vc_raw_html][\/vc_column][vc_column width=&#8220;2\/3&#8243;][vc_column_text] Online-Training in 6 Modulen f\u00fcr dein bestes Jahr bis jetzt &#8211; bitte aufs Bild klicken! [\/vc_column_text][\/vc_column][\/vc_row][vc_row][vc_column width=&#8220;1\/3&#8243;][vc_raw_html]JTNDYSUyMGhyZWYlM0QlMjJodHRwJTNBJTJGJTJGbWVpc3RlcmUtbmV0d29yay1tYXJrZXRpbmcuY29tJTJGbHBtcDIwMTYwNCUyRiUyMiUzRSUwQSUzQ2ltZyUyMHNyYyUzRCUyMmh0dHAlM0ElMkYlMkZhZGl0eWFub3dvdG55LmNvbSUyRmRlJTJGd3AtY29udGVudCUyRnVwbG9hZHMlMkZzaXRlcyUyRjIlMkYyMDE2JTJGMTElMkZNaW5kLVBvd2VyLnBuZyUyMiUyMGFsdCUzRCUyMk1pbmQlMjBQb3dlciUyMiUyMHN0eWxlJTNEJTIyd2lkdGglM0ExMDI0JTNCaGVpZ2h0JTNBNzY4JTNCJTIyJTNFJTIwJTBBJTNDJTJGYSUzRSUwQQ==[\/vc_raw_html][\/vc_column][vc_column width=&#8220;2\/3&#8243;][vc_column_text] Mind Power &#8211; Wie du die Kraft deiner Gedanken optimal nutzen kannst! [\/vc_column_text][vc_column_text] 12 Wege zur optimalen Nutzung deiner Gedankenkraft plus 13 spezielle Meditationstechniken, um deine Gedanken noch besser kontrollieren [&hellip;]","og_url":"https:\/\/adityanowotny.com\/de\/trainings\/","og_site_name":"Aditya Nowotny - Transformational Leadership Training","article_modified_time":"2016-12-21T22:18:11+00:00","twitter_card":"summary_large_image","twitter_misc":{"Gesch\u00e4tzte Lesezeit":"3\u00a0Minuten"},"schema":{"@context":"https:\/\/schema.org","@graph":[{"@type":"WebPage","@id":"https:\/\/adityanowotny.com\/de\/trainings\/","url":"https:\/\/adityanowotny.com\/de\/trainings\/","name":"Trainings - Aditya Nowotny - Transformational Leadership Training","isPartOf":{"@id":"https:\/\/adityanowotny.com\/de\/#website"},"datePublished":"2016-09-03T16:17:14+00:00","dateModified":"2016-12-21T22:18:11+00:00","breadcrumb":{"@id":"https:\/\/adityanowotny.com\/de\/trainings\/#breadcrumb"},"inLanguage":"de","potentialAction":[{"@type":"ReadAction","target":["https:\/\/adityanowotny.com\/de\/trainings\/"]}]},{"@type":"BreadcrumbList","@id":"https:\/\/adityanowotny.com\/de\/trainings\/#breadcrumb","itemListElement":[{"@type":"ListItem","position":1,"name":"Startseite","item":"https:\/\/adityanowotny.com\/de\/"},{"@type":"ListItem","position":2,"name":"Trainings"}]},{"@type":"WebSite","@id":"https:\/\/adityanowotny.com\/de\/#website","url":"https:\/\/adityanowotny.com\/de\/","name":"Aditya Nowotny - Transformational Leadership Training","description":"Eine weitere Aditya Nowotny - Transformational Leadership Training Websites Website","potentialAction":[{"@type":"SearchAction","target":{"@type":"EntryPoint","urlTemplate":"https:\/\/adityanowotny.com\/de\/?s={search_term_string}"},"query-input":{"@type":"PropertyValueSpecification","valueRequired":true,"valueName":"search_term_string"}}],"inLanguage":"de"}]}},"_links":{"self":[{"href":"https:\/\/adityanowotny.com\/de\/wp-json\/wp\/v2\/pages\/273","targetHints":{"allow":["GET"]}}],"collection":[{"href":"https:\/\/adityanowotny.com\/de\/wp-json\/wp\/v2\/pages"}],"about":[{"href":"https:\/\/adityanowotny.com\/de\/wp-json\/wp\/v2\/types\/page"}],"author":[{"embeddable":true,"href":"https:\/\/adityanowotny.com\/de\/wp-json\/wp\/v2\/users\/1"}],"replies":[{"embeddable":true,"href":"https:\/\/adityanowotny.com\/de\/wp-json\/wp\/v2\/comments?post=273"}],"version-history":[{"count":13,"href":"https:\/\/adityanowotny.com\/de\/wp-json\/wp\/v2\/pages\/273\/revisions"}],"predecessor-version":[{"id":445,"href":"https:\/\/adityanowotny.com\/de\/wp-json\/wp\/v2\/pages\/273\/revisions\/445"}],"wp:attachment":[{"href":"https:\/\/adityanowotny.com\/de\/wp-json\/wp\/v2\/media?parent=273"}],"curies":[{"name":"wp","href":"https:\/\/api.w.org\/{rel}","templated":true}]}}