{"id":269,"date":"2016-09-03T18:16:41","date_gmt":"2016-09-03T16:16:41","guid":{"rendered":"http:\/\/adityanowotny.com\/de\/?page_id=269"},"modified":"2021-10-15T00:10:04","modified_gmt":"2021-10-14T22:10:04","slug":"about","status":"publish","type":"page","link":"https:\/\/adityanowotny.com\/de\/about\/","title":{"rendered":"\u00dcber Aditya Nowotny"},"content":{"rendered":"<div id=\"bchHMEnomf\" data-borlabs-cookie-blocked-content><div class=\"borlabs-cookie-bct bc-bct-video bc-bct-vimeo\"> <p class=\"bc-thumbnail\"><img src=\"https:\/\/adityanowotny.com\/de\/wp-content\/plugins\/borlabs-cookie\/images\/bct-no-thumbnail.png\" alt=\"Vimeo\"><\/p> <div class=\"bc-text\"> <p>Zum Schutz Ihrer pers\u00f6nlichen Daten ist die Verbindung zu Vimeo blockiert worden.<br>Klicken Sie auf <strong>Video laden<\/strong>, um die Blockierung zu Vimeo aufzuheben.<br>Durch das Laden des Videos akzeptieren Sie die Datenschutzbestimmungen von Vimeo.<br>Mehr Informationen zum Datenschutz von Vimeo finden Sie hier <a href=\"https:\/\/vimeo.com\/privacy\" target=\"_blank\" rel=\"nofollow\">Vimeo.com Datenschutzerkl\u00e4rung<\/a>.<\/p> <p><label><input type=\"checkbox\" name=\"unblockAll\" value=\"1\" checked> Vimeo Videos zuk\u00fcnftig nicht mehr blockieren.<\/label> <a role=\"button\" data-borlabs-cookie-unblock>Video laden<\/a><\/p> <\/div> <\/div><\/div>\n<h3><!-- \/wp:post-content --><span style=\"font-size: 18px;\"><strong><span style=\"color: #800080;\"><span style=\"font-size: 21px;\">Herzlich willkommen,<\/span> <\/span><\/strong><\/span><\/h3>\n<p><span style=\"font-size: 18px;\"><strong><span style=\"color: #800080;\">auf Aditya Nowotny.com &#8211; Transformational Leadership Training. Ich zeige Menschen wie dir, wie du mehr aus deinem Leben machen kannst, als Mensch und Pers\u00f6nlichkeit wachsen und deine Tr\u00e4ume Wirklichkeit werden lassen kannst.<\/span><\/strong><\/span><\/p>\n<p><span style=\"font-size: 18px;\"><strong><span style=\"color: #800080;\">Auf dieser Webseite \u201eadityanowotny.com\u201c erscheinen regelm\u00e4\u00dfig kostenlose Trainingsvideos und der Zugang zu gratis Webinaren die dir helfen, in deiner Pers\u00f6nlichkeitsentwicklung und deinem Gesch\u00e4ftswachstum weiter zu kommen.<\/span><\/strong><\/span><br \/><span style=\"font-size: 18px;\"><strong><span style=\"color: #800080;\">Denn es ist ein offenes Geheimnis: w\u00e4chst du als Mensch, als Pers\u00f6nlichkeit, so w\u00e4chst auch dein Gesch\u00e4ft und du erreichst mehr und mehr Menschen.<\/span><\/strong><\/span><\/p>\n<p><span style=\"font-size: 18px;\"><strong><span style=\"color: #800080;\">Ich w\u00fcnsche dir jetzt viel Erfolg, Freude und Fortschritt auf deinem Lebensweg und in deiner Berufung.<\/span><\/strong><\/span><\/p>\n<p><span style=\"font-size: 21px;\"><strong><span style=\"color: #800080;\">Aditya Nowotny<\/span><\/strong><\/span><\/p>\n<p class=\"p1\">\u00a0<\/p>\n<p><!-- wp:html --><br \/><div id=\"bc2OLGVILl\" data-borlabs-cookie-blocked-content><div class=\"borlabs-cookie-bct bc-bct-video bc-bct-vimeo\"> <p class=\"bc-thumbnail\"><img src=\"https:\/\/adityanowotny.com\/de\/wp-content\/plugins\/borlabs-cookie\/images\/bct-no-thumbnail.png\" alt=\"Vimeo\"><\/p> <div class=\"bc-text\"> <p>Zum Schutz Ihrer pers\u00f6nlichen Daten ist die Verbindung zu Vimeo blockiert worden.<br>Klicken Sie auf <strong>Video laden<\/strong>, um die Blockierung zu Vimeo aufzuheben.<br>Durch das Laden des Videos akzeptieren Sie die Datenschutzbestimmungen von Vimeo.<br>Mehr Informationen zum Datenschutz von Vimeo finden Sie hier <a href=\"https:\/\/vimeo.com\/privacy\" target=\"_blank\" rel=\"nofollow\">Vimeo.com Datenschutzerkl\u00e4rung<\/a>.<\/p> <p><label><input type=\"checkbox\" name=\"unblockAll\" value=\"1\" checked> Vimeo Videos zuk\u00fcnftig nicht mehr blockieren.<\/label> <a role=\"button\" data-borlabs-cookie-unblock>Video laden<\/a><\/p> <\/div> <\/div><\/div>\n<h4><strong><span class=\"has-inline-color\" style=\"color: #800080;\"><span style=\"font-size: 21px;\"><span class=\"s1\" style=\"color: #800080;\">Aditya Nowotny im Interview mit Sandra Z\u00fcrlein vom Kongress \u201cPassionen leben\u201d<\/span><\/span><\/span><\/strong><\/h4>\n<p><strong><span class=\"has-inline-color\" style=\"color: #800080;\">Einblicke in den Menschen Aditya, seine Vision, die Arbeit mit Menschen, Liebe und Sein und Geheimnisse von \u00e4therischen \u00d6len. Die Not-Wendigkeit, freie Zeit schaffen um dein wahres Leben zu leben, Bewusstsein in der Sprache einzusetzen, weil das Wort sch\u00f6pferisch ist. \u00dcber M\u00fcssen und Lassen, Machen und Umsetzen und nicht immer nur Lernen und Vorbereiten. <\/span><\/strong><strong><span class=\"has-inline-color\" style=\"color: #800080;\">Wie du die f\u00fcr dich richtigen Lehrer, Trainer und Mentoren ausw\u00e4hlst, der 150-Jahre Lebensplan und vieles mehr.<\/span><\/strong><\/p>\n<p><!-- wp:paragraph --><strong><span class=\"has-inline-color\" style=\"color: #800080;\">F\u00fcr dieses Interview nimm dir Zeit und mach dir Notizen &#8211; es werden dir kostbare Einsichten, Impulse und Inspirationen vermittelt werden.<\/span><\/strong><\/p>\n<p><!-- \/wp:paragraph --><\/p>\n<p><!-- wp:paragraph --><\/p>\n<p><!-- \/wp:paragraph --><\/p>\n<p><!-- \/wp:html --><\/p>\n\n<!-- wp:paragraph -->\n<p><\/p>\n<!-- \/wp:paragraph -->","protected":false},"excerpt":{"rendered":"<p>Zum Schutz Ihrer pers\u00f6nlichen Daten ist die Verbindung zu Vimeo blockiert worden.Klicken Sie auf Video laden, um die Blockierung zu Vimeo aufzuheben.Durch das Laden des Videos akzeptieren Sie die Datenschutzbestimmungen von Vimeo.Mehr Informationen zum Datenschutz von Vimeo finden Sie hier Vimeo.com Datenschutzerkl\u00e4rung. Vimeo Videos zuk\u00fcnftig nicht mehr blockieren. Video laden Herzlich willkommen, auf Aditya Nowotny.com [&hellip;]<\/p>\n","protected":false},"author":1,"featured_media":0,"parent":0,"menu_order":0,"comment_status":"closed","ping_status":"closed","template":"","meta":{"_et_pb_use_builder":"","_et_pb_old_content":"","_et_gb_content_width":"","footnotes":""},"class_list":["post-269","page","type-page","status-publish","hentry"],"yoast_head":"<!-- This site is optimized with the Yoast SEO plugin v26.6 - https:\/\/yoast.com\/wordpress\/plugins\/seo\/ -->\n<title>\u00dcber Aditya Nowotny - Aditya Nowotny - Transformational Leadership Training<\/title>\n<meta name=\"robots\" content=\"index, follow, max-snippet:-1, max-image-preview:large, max-video-preview:-1\" \/>\n<link rel=\"canonical\" href=\"https:\/\/adityanowotny.com\/de\/about\/\" \/>\n<meta property=\"og:locale\" content=\"de_DE\" \/>\n<meta property=\"og:type\" content=\"article\" \/>\n<meta property=\"og:title\" content=\"\u00dcber Aditya Nowotny - Aditya Nowotny - Transformational Leadership Training\" \/>\n<meta property=\"og:description\" content=\"Zum Schutz Ihrer pers\u00f6nlichen Daten ist die Verbindung zu Vimeo blockiert worden.Klicken Sie auf Video laden, um die Blockierung zu Vimeo aufzuheben.Durch das Laden des Videos akzeptieren Sie die Datenschutzbestimmungen von Vimeo.Mehr Informationen zum Datenschutz von Vimeo finden Sie hier Vimeo.com Datenschutzerkl\u00e4rung. Vimeo Videos zuk\u00fcnftig nicht mehr blockieren. Video laden Herzlich willkommen, auf Aditya Nowotny.com [&hellip;]\" \/>\n<meta property=\"og:url\" content=\"https:\/\/adityanowotny.com\/de\/about\/\" \/>\n<meta property=\"og:site_name\" content=\"Aditya Nowotny - Transformational Leadership Training\" \/>\n<meta property=\"article:modified_time\" content=\"2021-10-14T22:10:04+00:00\" \/>\n<meta name=\"twitter:card\" content=\"summary_large_image\" \/>\n<meta name=\"twitter:label1\" content=\"Gesch\u00e4tzte Lesezeit\" \/>\n\t<meta name=\"twitter:data1\" content=\"1\u00a0Minute\" \/>\n<script type=\"application\/ld+json\" class=\"yoast-schema-graph\">{\"@context\":\"https:\/\/schema.org\",\"@graph\":[{\"@type\":\"WebPage\",\"@id\":\"https:\/\/adityanowotny.com\/de\/about\/\",\"url\":\"https:\/\/adityanowotny.com\/de\/about\/\",\"name\":\"\u00dcber Aditya Nowotny - Aditya Nowotny - Transformational Leadership Training\",\"isPartOf\":{\"@id\":\"https:\/\/adityanowotny.com\/de\/#website\"},\"datePublished\":\"2016-09-03T16:16:41+00:00\",\"dateModified\":\"2021-10-14T22:10:04+00:00\",\"breadcrumb\":{\"@id\":\"https:\/\/adityanowotny.com\/de\/about\/#breadcrumb\"},\"inLanguage\":\"de\",\"potentialAction\":[{\"@type\":\"ReadAction\",\"target\":[\"https:\/\/adityanowotny.com\/de\/about\/\"]}]},{\"@type\":\"BreadcrumbList\",\"@id\":\"https:\/\/adityanowotny.com\/de\/about\/#breadcrumb\",\"itemListElement\":[{\"@type\":\"ListItem\",\"position\":1,\"name\":\"Startseite\",\"item\":\"https:\/\/adityanowotny.com\/de\/\"},{\"@type\":\"ListItem\",\"position\":2,\"name\":\"\u00dcber Aditya Nowotny\"}]},{\"@type\":\"WebSite\",\"@id\":\"https:\/\/adityanowotny.com\/de\/#website\",\"url\":\"https:\/\/adityanowotny.com\/de\/\",\"name\":\"Aditya Nowotny - Transformational Leadership Training\",\"description\":\"Eine weitere Aditya Nowotny - Transformational Leadership Training Websites Website\",\"potentialAction\":[{\"@type\":\"SearchAction\",\"target\":{\"@type\":\"EntryPoint\",\"urlTemplate\":\"https:\/\/adityanowotny.com\/de\/?s={search_term_string}\"},\"query-input\":{\"@type\":\"PropertyValueSpecification\",\"valueRequired\":true,\"valueName\":\"search_term_string\"}}],\"inLanguage\":\"de\"}]}<\/script>\n<!-- \/ Yoast SEO plugin. -->","yoast_head_json":{"title":"\u00dcber Aditya Nowotny - Aditya Nowotny - Transformational Leadership Training","robots":{"index":"index","follow":"follow","max-snippet":"max-snippet:-1","max-image-preview":"max-image-preview:large","max-video-preview":"max-video-preview:-1"},"canonical":"https:\/\/adityanowotny.com\/de\/about\/","og_locale":"de_DE","og_type":"article","og_title":"\u00dcber Aditya Nowotny - Aditya Nowotny - Transformational Leadership Training","og_description":"Zum Schutz Ihrer pers\u00f6nlichen Daten ist die Verbindung zu Vimeo blockiert worden.Klicken Sie auf Video laden, um die Blockierung zu Vimeo aufzuheben.Durch das Laden des Videos akzeptieren Sie die Datenschutzbestimmungen von Vimeo.Mehr Informationen zum Datenschutz von Vimeo finden Sie hier Vimeo.com Datenschutzerkl\u00e4rung. Vimeo Videos zuk\u00fcnftig nicht mehr blockieren. Video laden Herzlich willkommen, auf Aditya Nowotny.com [&hellip;]","og_url":"https:\/\/adityanowotny.com\/de\/about\/","og_site_name":"Aditya Nowotny - Transformational Leadership Training","article_modified_time":"2021-10-14T22:10:04+00:00","twitter_card":"summary_large_image","twitter_misc":{"Gesch\u00e4tzte Lesezeit":"1\u00a0Minute"},"schema":{"@context":"https:\/\/schema.org","@graph":[{"@type":"WebPage","@id":"https:\/\/adityanowotny.com\/de\/about\/","url":"https:\/\/adityanowotny.com\/de\/about\/","name":"\u00dcber Aditya Nowotny - Aditya Nowotny - Transformational Leadership Training","isPartOf":{"@id":"https:\/\/adityanowotny.com\/de\/#website"},"datePublished":"2016-09-03T16:16:41+00:00","dateModified":"2021-10-14T22:10:04+00:00","breadcrumb":{"@id":"https:\/\/adityanowotny.com\/de\/about\/#breadcrumb"},"inLanguage":"de","potentialAction":[{"@type":"ReadAction","target":["https:\/\/adityanowotny.com\/de\/about\/"]}]},{"@type":"BreadcrumbList","@id":"https:\/\/adityanowotny.com\/de\/about\/#breadcrumb","itemListElement":[{"@type":"ListItem","position":1,"name":"Startseite","item":"https:\/\/adityanowotny.com\/de\/"},{"@type":"ListItem","position":2,"name":"\u00dcber Aditya Nowotny"}]},{"@type":"WebSite","@id":"https:\/\/adityanowotny.com\/de\/#website","url":"https:\/\/adityanowotny.com\/de\/","name":"Aditya Nowotny - Transformational Leadership Training","description":"Eine weitere Aditya Nowotny - Transformational Leadership Training Websites Website","potentialAction":[{"@type":"SearchAction","target":{"@type":"EntryPoint","urlTemplate":"https:\/\/adityanowotny.com\/de\/?s={search_term_string}"},"query-input":{"@type":"PropertyValueSpecification","valueRequired":true,"valueName":"search_term_string"}}],"inLanguage":"de"}]}},"_links":{"self":[{"href":"https:\/\/adityanowotny.com\/de\/wp-json\/wp\/v2\/pages\/269","targetHints":{"allow":["GET"]}}],"collection":[{"href":"https:\/\/adityanowotny.com\/de\/wp-json\/wp\/v2\/pages"}],"about":[{"href":"https:\/\/adityanowotny.com\/de\/wp-json\/wp\/v2\/types\/page"}],"author":[{"embeddable":true,"href":"https:\/\/adityanowotny.com\/de\/wp-json\/wp\/v2\/users\/1"}],"replies":[{"embeddable":true,"href":"https:\/\/adityanowotny.com\/de\/wp-json\/wp\/v2\/comments?post=269"}],"version-history":[{"count":24,"href":"https:\/\/adityanowotny.com\/de\/wp-json\/wp\/v2\/pages\/269\/revisions"}],"predecessor-version":[{"id":962,"href":"https:\/\/adityanowotny.com\/de\/wp-json\/wp\/v2\/pages\/269\/revisions\/962"}],"wp:attachment":[{"href":"https:\/\/adityanowotny.com\/de\/wp-json\/wp\/v2\/media?parent=269"}],"curies":[{"name":"wp","href":"https:\/\/api.w.org\/{rel}","templated":true}]}}